{"id":14,"date":"2023-04-18T17:14:37","date_gmt":"2023-04-18T17:14:37","guid":{"rendered":"https:\/\/forschungsgruppe-pronomen.de\/?page_id=14"},"modified":"2024-02-18T16:50:11","modified_gmt":"2024-02-18T16:50:11","slug":"kontakt","status":"publish","type":"page","link":"https:\/\/tp5.forschungsgruppe-pronomen.de\/en\/kontakt\/","title":{"rendered":"Contact"},"content":{"rendered":"<div class=\"wp-block-columns is-layout-flex wp-container-core-columns-is-layout-28f84493 wp-block-columns-is-layout-flex\"><\/div>\n\n\n\n<div class=\"wp-block-columns is-layout-flex wp-container-core-columns-is-layout-28f84493 wp-block-columns-is-layout-flex\">\n<div class=\"wp-block-column is-layout-flow wp-block-column-is-layout-flow\">\n<figure class=\"wp-block-image aligncenter size-full is-resized\"><img loading=\"lazy\" decoding=\"async\" width=\"203\" height=\"250\" src=\"https:\/\/tp5.forschungsgruppe-pronomen.de\/wp-content\/uploads\/2024\/02\/Platzhalter-Frau-HP_Klein.png\" alt=\"\" class=\"wp-image-458\" style=\"aspect-ratio:0.8016528925619835;width:194px;height:auto\" srcset=\"https:\/\/tp5.forschungsgruppe-pronomen.de\/wp-content\/uploads\/2024\/02\/Platzhalter-Frau-HP_Klein.png 203w, https:\/\/tp5.forschungsgruppe-pronomen.de\/wp-content\/uploads\/2024\/02\/Platzhalter-Frau-HP_Klein-10x12.png 10w\" sizes=\"auto, (max-width: 203px) 100vw, 203px\" \/><\/figure>\n\n\n\n<p><a href=\"https:\/\/www.slm.uni-hamburg.de\/germanistik\/personen\/mostovaia.html\" data-type=\"link\" data-id=\"https:\/\/www.slm.uni-hamburg.de\/germanistik\/personen\/mostovaia.html\">Dr. Irina Mostovaia<\/a><strong> <\/strong><\/p>\n\n\n\n<p>Universit\u00e4t Hamburg<br>Sprache Literatur Medien I (SLM I)<br>Institut f\u00fcr Germanistik<br>Von-Melle-Park 6, Raum C7021<br>20146 Hamburg<br><a href=\"irina.mostovaia@uni-hamburg.de\" data-type=\"link\" data-id=\"irina.mostovaia@uni-hamburg.de\">E-Mail<\/a><\/p>\n<\/div>\n\n\n\n<div class=\"wp-block-column is-layout-flow wp-block-column-is-layout-flow\">\n<figure class=\"wp-block-image aligncenter size-full is-resized\"><img loading=\"lazy\" decoding=\"async\" width=\"180\" height=\"240\" src=\"https:\/\/tp5.forschungsgruppe-pronomen.de\/wp-content\/uploads\/2024\/02\/bild-1-180x240-1.jpg\" alt=\"\" class=\"wp-image-460\" style=\"width:180px;height:auto\" srcset=\"https:\/\/tp5.forschungsgruppe-pronomen.de\/wp-content\/uploads\/2024\/02\/bild-1-180x240-1.jpg 180w, https:\/\/tp5.forschungsgruppe-pronomen.de\/wp-content\/uploads\/2024\/02\/bild-1-180x240-1-9x12.jpg 9w\" sizes=\"auto, (max-width: 180px) 100vw, 180px\" \/><\/figure>\n\n\n\n<p><a href=\"https:\/\/www.slm.uni-hamburg.de\/germanistik\/personen\/bartsch.html\" data-type=\"link\" data-id=\"https:\/\/www.slm.uni-hamburg.de\/germanistik\/personen\/bartsch.html\">Marie-Louise Bartsch<\/a><\/p>\n\n\n\n<p>Universit\u00e4t Hamburg<br>Sprache Literatur Medien I (SLM I)<br>Institut f\u00fcr Germanistik<br>Von-Melle-Park 6, Raum B7014<br>20146 Hamburg<br><a href=\"marie-louise.bartsch@uni-hamburg.de\" data-type=\"link\" data-id=\"marie-louise.bartsch@uni-hamburg.de\">E-Mail<\/a><\/p>\n<\/div>\n<\/div>","protected":false},"excerpt":{"rendered":"<p>Dr. Irina Mostovaia Universit\u00e4t HamburgSprache Literatur Medien I (SLM I)Institut f\u00fcr GermanistikVon-Melle-Park 6, Raum C702120146 HamburgE-Mail Marie-Louise Bartsch Universit\u00e4t HamburgSprache Literatur Medien I (SLM I)Institut f\u00fcr GermanistikVon-Melle-Park 6, Raum B701420146 HamburgE-Mail<\/p>","protected":false},"author":1,"featured_media":0,"parent":0,"menu_order":0,"comment_status":"closed","ping_status":"closed","template":"","meta":{"site-container-style":"default","site-container-layout":"default","site-sidebar-layout":"default","disable-article-header":"default","disable-site-header":"default","disable-site-footer":"default","disable-content-area-spacing":"default","footnotes":""},"class_list":["post-14","page","type-page","status-publish","hentry"],"publishpress_future_action":{"enabled":false,"date":"2026-05-10 15:23:10","action":"change-status","newStatus":"draft","terms":[],"taxonomy":"","extraData":[]},"publishpress_future_workflow_manual_trigger":{"enabledWorkflows":[]},"_links":{"self":[{"href":"https:\/\/tp5.forschungsgruppe-pronomen.de\/en\/wp-json\/wp\/v2\/pages\/14","targetHints":{"allow":["GET"]}}],"collection":[{"href":"https:\/\/tp5.forschungsgruppe-pronomen.de\/en\/wp-json\/wp\/v2\/pages"}],"about":[{"href":"https:\/\/tp5.forschungsgruppe-pronomen.de\/en\/wp-json\/wp\/v2\/types\/page"}],"author":[{"embeddable":true,"href":"https:\/\/tp5.forschungsgruppe-pronomen.de\/en\/wp-json\/wp\/v2\/users\/1"}],"replies":[{"embeddable":true,"href":"https:\/\/tp5.forschungsgruppe-pronomen.de\/en\/wp-json\/wp\/v2\/comments?post=14"}],"version-history":[{"count":22,"href":"https:\/\/tp5.forschungsgruppe-pronomen.de\/en\/wp-json\/wp\/v2\/pages\/14\/revisions"}],"predecessor-version":[{"id":461,"href":"https:\/\/tp5.forschungsgruppe-pronomen.de\/en\/wp-json\/wp\/v2\/pages\/14\/revisions\/461"}],"wp:attachment":[{"href":"https:\/\/tp5.forschungsgruppe-pronomen.de\/en\/wp-json\/wp\/v2\/media?parent=14"}],"curies":[{"name":"wp","href":"https:\/\/api.w.org\/{rel}","templated":true}]}}